{"id":7,"date":"2015-12-04T02:08:28","date_gmt":"2015-12-04T02:08:28","guid":{"rendered":"http:\/\/theme-fusion.com\/avada\/construction\/?page_id=7"},"modified":"2022-01-05T21:43:06","modified_gmt":"2022-01-06T00:43:06","slug":"a-sfor","status":"publish","type":"page","link":"https:\/\/sforplast.net\/ingles\/a-sfor\/","title":{"rendered":"A Sfor"},"content":{"rendered":"<p><div class=\"fusion-fullwidth fullwidth-box fusion-builder-row-1 nonhundred-percent-fullwidth non-hundred-percent-height-scrolling\"  style='background-color: #43dece;background-image:linear-gradient(180deg, #49ccf4 0%,#43dece 100%);background-position: left top;background-repeat: no-repeat;padding-top:19px;padding-right:0px;padding-bottom:6px;padding-left:0px;margin-top: 0px;'><div class=\"fusion-builder-row fusion-row \"><div  class=\"fusion-layout-column fusion_builder_column fusion_builder_column_1_1 fusion-builder-column-1 fusion-one-full fusion-column-first fusion-column-last 1_1\"  style='margin-top:0px;margin-bottom:0px;'>\n\t\t\t\t\t<div class=\"fusion-column-wrapper\" style=\"padding: 0px 0px 0px 0px;background-position:left top;background-repeat:no-repeat;-webkit-background-size:cover;-moz-background-size:cover;-o-background-size:cover;background-size:cover;\"   data-bg-url=\"\">\n\t\t\t\t\t\t<div class=\"fusion-text\"><h2 style=\"font-weight: 300; text-align: center; color: #ffffff;\">A SFOR \u00e9 uma empresa 100% brasileira<\/h2>\n<\/div><div class=\"fusion-clearfix\"><\/div>\n\n\t\t\t\t\t<\/div>\n\t\t\t\t<\/div><\/div><\/div><div id=\"section1\" class=\"fusion-fullwidth fullwidth-box fusion-builder-row-2 mass-responsive-section hundred-percent-fullwidth non-hundred-percent-height-scrolling\"  style='background-color: rgba(255,255,255,0);background-position: left top;background-repeat: no-repeat;padding-top:0px;padding-right:0px;padding-left:0px;'><div class=\"fusion-builder-row fusion-row \"><div  class=\"fusion-layout-column fusion_builder_column fusion_builder_column_5_6 fusion-builder-column-2 fusion-five-sixth fusion-column-first mass-intro 5_6\"  style='margin-top:42px;margin-bottom:20px;width:82.6666%; margin-right: 4%;'>\n\t\t\t\t\t<div class=\"fusion-column-wrapper\" style=\"padding: 0px 10% 0px 30%;background-position:left top;background-repeat:no-repeat;-webkit-background-size:cover;-moz-background-size:cover;-o-background-size:cover;background-size:cover;\"   data-bg-url=\"\">\n\t\t\t\t\t\t<span style=\"margin-right:25px;float:left;width:100%;max-width:500px;\" class=\"fusion-imageframe imageframe-none imageframe-1 hover-type-zoomin\"><img loading=\"lazy\" decoding=\"async\" src=\"https:\/\/sforplast.net\/ingles\/wp-content\/uploads\/2022\/01\/06.jpeg\" width=\"1280\" height=\"719\" alt=\"\" title=\"06\" class=\"img-responsive wp-image-2087\" srcset=\"https:\/\/sforplast.net\/ingles\/wp-content\/uploads\/2022\/01\/06-200x112.jpeg 200w, https:\/\/sforplast.net\/ingles\/wp-content\/uploads\/2022\/01\/06-400x225.jpeg 400w, https:\/\/sforplast.net\/ingles\/wp-content\/uploads\/2022\/01\/06-600x337.jpeg 600w, https:\/\/sforplast.net\/ingles\/wp-content\/uploads\/2022\/01\/06-800x449.jpeg 800w, https:\/\/sforplast.net\/ingles\/wp-content\/uploads\/2022\/01\/06-1200x674.jpeg 1200w, https:\/\/sforplast.net\/ingles\/wp-content\/uploads\/2022\/01\/06.jpeg 1280w\" sizes=\"auto, (max-width: 800px) 100vw, 800px\" \/><\/span><div class=\"fusion-text\"><p style=\"font-size: 17px;\" data-fusion-font=\"true\">Fundada em 1.986, na cidade de S\u00e3o Caetano do Sul, a Sfor conta a sua hist\u00f3ria de quase 35 anos, atrav\u00e9s dos valores e ensinamentos deixados por seu idealizador e fundador, Sr. En\u00e9sio Sforsin , trabalho, persist\u00eancia, dedica\u00e7\u00e3o e foco para entrega dos melhores materiais ao mercado, legado este hoje fidelizado por seus sucessores.<\/p>\n<p style=\"font-size: 17px;\" data-fusion-font=\"true\">Milhares de itens traduzem um s\u00f3 desejo: o de oferecer produtos e servi\u00e7os do mais alto n\u00edvel de qualidade, atuando com \u00e9tica e respeito ao pr\u00f3ximo.<\/p>\n<p style=\"font-size: 17px;\" data-fusion-font=\"true\">Ao longo dos anos constru\u00edmos uma reconhecida trajet\u00f3ria no segmento de fixa\u00e7\u00e3o, por sermos fabricantes com laudos t\u00e9cnicos validados pelas mais renomadas certificadoras e por estarmos presentes nos principais players do Pa\u00eds e tamb\u00e9m no exterior em mais 5 pa\u00edses.<\/p>\n<p style=\"font-size: 17px;\" data-fusion-font=\"true\">A nossa marca se destaca pela inova\u00e7\u00e3o cont\u00ednua: antecipando tend\u00eancias, investindo em novas tecnologias, desenvolvendo produtos e solu\u00e7\u00f5es diversificadas, engajados na constru\u00e7\u00e3o de um portf\u00f3lio amplo e completo.<\/p>\n<p style=\"font-size: 17px;\" data-fusion-font=\"true\">Com experi\u00eancia, modernas instala\u00e7\u00f5es, profissionais capacitados, log\u00edstica r\u00e1pida e eficiente, estamos prontos a oferecer o melhor atendimento e de forma personalizada para cada parceiro.<\/p>\n<p style=\"font-size: 17px;\" data-fusion-font=\"true\"><b>Convidamos voc\u00ea a nos conhecer cada vez melhor!<\/b><\/p>\n<p style=\"font-size: 17px;\" data-fusion-font=\"true\">Atenciosamente,<\/p>\n<p style=\"font-size: 17px;\" data-fusion-font=\"true\"><b>Equipe Sforplast<\/b><\/p>\n<\/div><div class=\"fusion-clearfix\"><\/div>\n\n\t\t\t\t\t<\/div>\n\t\t\t\t<\/div><\/div><\/div><div class=\"fusion-fullwidth fullwidth-box fusion-builder-row-3 nonhundred-percent-fullwidth non-hundred-percent-height-scrolling\"  style='background-color: rgba(255,255,255,0);background-position: right center;background-repeat: no-repeat;padding-top:0px;padding-right:0px;padding-bottom:0px;padding-left:0px;'><div class=\"fusion-builder-row fusion-row \"><div  class=\"fusion-layout-column fusion_builder_column fusion_builder_column_1_3 fusion-builder-column-3 fusion-one-third fusion-column-first 1_3\"  style='margin-top:0px;margin-bottom:0px;width:33.33%;width:calc(33.33% - ( ( 4% + 4% ) * 0.3333 ) );margin-right: 4%;'>\n\t\t\t\t\t<div class=\"fusion-column-wrapper\" style=\"padding: 0px 0px 0px 0px;background-position:left top;background-repeat:no-repeat;-webkit-background-size:cover;-moz-background-size:cover;-o-background-size:cover;background-size:cover;\"   data-bg-url=\"\">\n\t\t\t\t\t\t<div class=\"fusion-column-content-centered\"><div class=\"fusion-column-content\"><\/div><\/div><div class=\"fusion-clearfix\"><\/div>\n\n\t\t\t\t\t<\/div>\n\t\t\t\t<\/div><div  class=\"fusion-layout-column fusion_builder_column fusion_builder_column_1_4 fusion-builder-column-4 fusion-one-fourth 1_4\"  style='margin-top:0px;margin-bottom:0px;width:25%;width:calc(25% - ( ( 4% + 4% ) * 0.25 ) );margin-right: 4%;'>\n\t\t\t\t\t<div class=\"fusion-column-wrapper\" style=\"padding: 0px 0px 0px 0px;background-position:left top;background-repeat:no-repeat;-webkit-background-size:cover;-moz-background-size:cover;-o-background-size:cover;background-size:cover;\"   data-bg-url=\"\">\n\t\t\t\t\t\t<div class=\"fusion-column-content-centered\"><div class=\"fusion-column-content\"><div class=\"imageframe-align-center\"><span style=\"-webkit-border-radius:10px;-moz-border-radius:10px;border-radius:10px;\" class=\"fusion-imageframe imageframe-none imageframe-2 hover-type-zoomin\"><img loading=\"lazy\" decoding=\"async\" src=\"https:\/\/sforplast.net\/ingles\/wp-content\/uploads\/2022\/01\/08.jpeg\" width=\"650\" height=\"867\" alt=\"\" title=\"08\" class=\"img-responsive wp-image-2084\" srcset=\"https:\/\/sforplast.net\/ingles\/wp-content\/uploads\/2022\/01\/08-200x267.jpeg 200w, https:\/\/sforplast.net\/ingles\/wp-content\/uploads\/2022\/01\/08-400x534.jpeg 400w, https:\/\/sforplast.net\/ingles\/wp-content\/uploads\/2022\/01\/08-600x800.jpeg 600w, https:\/\/sforplast.net\/ingles\/wp-content\/uploads\/2022\/01\/08.jpeg 650w\" sizes=\"auto, (max-width: 800px) 100vw, 400px\" \/><\/span><\/div><div class=\"fusion-text\"><p style=\"text-align: center;\"><strong>Sr. En\u00e9sio Sforsin &#8211; <\/strong>Fundador da Sforplast<\/p>\n<\/div><\/div><\/div><div class=\"fusion-clearfix\"><\/div>\n\n\t\t\t\t\t<\/div>\n\t\t\t\t<\/div><div  class=\"fusion-layout-column fusion_builder_column fusion_builder_column_1_3 fusion-builder-column-5 fusion-one-third fusion-column-last 1_3\"  style='margin-top:0px;margin-bottom:0px;width:33.33%;width:calc(33.33% - ( ( 4% + 4% ) * 0.3333 ) );'>\n\t\t\t\t\t<div class=\"fusion-column-wrapper\" style=\"padding: 0px 0px 0px 0px;background-position:left top;background-repeat:no-repeat;-webkit-background-size:cover;-moz-background-size:cover;-o-background-size:cover;background-size:cover;\"   data-bg-url=\"\">\n\t\t\t\t\t\t<div class=\"fusion-column-content-centered\"><div class=\"fusion-column-content\"><\/div><\/div><div class=\"fusion-clearfix\"><\/div>\n\n\t\t\t\t\t<\/div>\n\t\t\t\t<\/div><\/div><\/div><div class=\"fusion-fullwidth fullwidth-box fusion-builder-row-4 fusion-parallax-fixed nonhundred-percent-fullwidth non-hundred-percent-height-scrolling\"  style='background-color: rgba(255,255,255,0);background-image: url(\"https:\/\/sforplast.net\/ingles\/wp-content\/uploads\/2020\/10\/Capturar-2.jpg\");background-position: center top;background-repeat: no-repeat;padding-top:0px;padding-right:0px;padding-bottom:0px;padding-left:0px;-webkit-background-size:cover;-moz-background-size:cover;-o-background-size:cover;background-size:cover;background-attachment:fixed;'><div class=\"fusion-builder-row fusion-row \"><div  class=\"fusion-layout-column fusion_builder_column fusion_builder_column_1_1 fusion-builder-column-6 fusion-one-full fusion-column-first fusion-column-last 1_1\"  style='margin-top:0px;margin-bottom:70px;'>\n\t\t\t\t\t<div class=\"fusion-column-wrapper\" style=\"padding: 0px 0px 0px 0px;background-position:left top;background-blend-mode: overlay;background-repeat:no-repeat;-webkit-background-size:cover;-moz-background-size:cover;-o-background-size:cover;background-size:cover;\"   data-bg-url=\"\">\n\t\t\t\t\t\t<div class=\"fusion-section-separator section-separator slant fusion-section-separator-with-offset\" style=\"padding:0;margin-left:calc( (100vw - 100% ) \/ -2 );margin-right:calc( (100vw - 100% ) \/ -2  );\"><svg class=\"fusion-slant-candy\" xmlns=\"http:\/\/www.w3.org\/2000\/svg\" version=\"1.1\" width=\"100%\" height=\"100\" viewBox=\"0 0 100 102\" preserveAspectRatio=\"none\" style=\"fill:#ffffff;padding:0;\"><path d=\"M100 -1 L100 100 L0 0 Z\"><\/path><\/svg><\/div><div class=\"fusion-clearfix\"><\/div>\n\n\t\t\t\t\t<\/div>\n\t\t\t\t<\/div><div  class=\"fusion-layout-column fusion_builder_column fusion_builder_column_1_1 fusion-builder-column-7 fusion-one-full fusion-column-first fusion-column-last 1_1\"  style='margin-top:0px;margin-bottom:0px;'>\n\t\t\t\t\t<div class=\"fusion-column-wrapper\" style=\"padding: 0px 15% 30px 15%;background-position:left top;background-repeat:no-repeat;-webkit-background-size:cover;-moz-background-size:cover;-o-background-size:cover;background-size:cover;\"   data-bg-url=\"\">\n\t\t\t\t\t\t<style type=\"text\/css\"><\/style><div class=\"fusion-title title fusion-title-1 fusion-sep-none fusion-title-center fusion-title-text fusion-title-size-two\" style=\"margin-top:0px;margin-bottom:20px;\"><h2 class=\"title-heading-center\" style=\"margin:0;color:#ffffff;\">Legado da Fam\u00edlia<\/h2><\/div><div class=\"fusion-sep-clear\"><\/div><div class=\"fusion-separator sep-single sep-solid\" style=\"border-color:#43dece;border-top-width:2px;margin-left: auto;margin-right: auto;margin-top:0px;margin-bottom:30px;width:100%;max-width:206px;\"><\/div><div class=\"fusion-testimonials clean fusion-testimonials-1\" data-random=\"0\" data-speed=\"4000\"><style type=\"text\/css\">#fusion-testimonials-1 a{border-color:#ffffff;}#fusion-testimonials-1 a:hover, #fusion-testimonials-1 .activeSlide{background-color: #ffffff;}.fusion-testimonials.clean.fusion-testimonials-1 .author:after{border-top-color:rgba(255,255,255,0) !important;}<\/style><div class=\"reviews\"><div class=\"review no-avatar\"><blockquote style=\"margin: -25px;background-color:rgba(255,255,255,0);\"><q style=\"background-color:rgba(255,255,255,0);color:#ffffff;\" class=\"fusion-clearfix\">\n<p>&#8220;O sucesso nasce do querer. Sempre que o homem aplicar a determina\u00e7\u00e3o e a persist\u00eancia para um objetivo ele vencer\u00e1 e se n\u00e3o atingir o alvo, pelo menos far\u00e1 coisas admir\u00e1veis&#8230; &#8221; Nosso carinho e gratid\u00e3o, ao Fundador que soube com trabalho e dignidade dirigir durante 30 anos esta empresa, sempre zelando pelo sucesso, combinado com honestidade e respeito.<\/p>\n<\/q><\/blockquote><div class=\"author\" style=\"color:#ffffff;\"><span class=\"company-name\"><strong>Sr En\u00e9sio Sforsin<\/strong><\/span><\/div><\/div><\/div><\/div><div class=\"fusion-clearfix\"><\/div>\n\n\t\t\t\t\t<\/div>\n\t\t\t\t<\/div><\/div><\/div><style type=\"text\/css\">.fusion-builder-row-4{filter: saturate(99%);transition: filter 0.3s ease;}.fusion-builder-row-4:hover{filter: saturate(100%);}<\/style><\/p>\n","protected":false},"excerpt":{"rendered":"","protected":false},"author":1,"featured_media":0,"parent":0,"menu_order":0,"comment_status":"closed","ping_status":"closed","template":"100-width.php","meta":{"footnotes":""},"class_list":["post-7","page","type-page","status-publish","hentry"],"yoast_head":"<!-- This site is optimized with the Yoast SEO Premium plugin v17.8 (Yoast SEO v26.9) - https:\/\/yoast.com\/product\/yoast-seo-premium-wordpress\/ -->\n<title>A Sfor - Sfor<\/title>\n<meta name=\"description\" content=\"Temos um atendimento personalizado para cada cliente, respeitando as particularidades de cada canal. Confira!\" \/>\n<meta name=\"robots\" content=\"index, follow, max-snippet:-1, max-image-preview:large, max-video-preview:-1\" \/>\n<link rel=\"canonical\" href=\"https:\/\/sforplast.net\/ingles\/a-sfor\/\" \/>\n<meta property=\"og:locale\" content=\"pt_BR\" \/>\n<meta property=\"og:type\" content=\"article\" \/>\n<meta property=\"og:title\" content=\"A Sfor\" \/>\n<meta property=\"og:description\" content=\"Temos um atendimento personalizado para cada cliente, respeitando as particularidades de cada canal. Confira!\" \/>\n<meta property=\"og:url\" content=\"https:\/\/sforplast.net\/ingles\/a-sfor\/\" \/>\n<meta property=\"og:site_name\" content=\"Sfor\" \/>\n<meta property=\"article:modified_time\" content=\"2022-01-06T00:43:06+00:00\" \/>\n<meta property=\"og:image\" content=\"https:\/\/sforplast.net\/ingles\/wp-content\/uploads\/2020\/08\/sfor_mobile_logo-1.png\" \/>\n\t<meta property=\"og:image:width\" content=\"158\" \/>\n\t<meta property=\"og:image:height\" content=\"66\" \/>\n\t<meta property=\"og:image:type\" content=\"image\/png\" \/>\n<meta name=\"twitter:card\" content=\"summary_large_image\" \/>\n<meta name=\"twitter:label1\" content=\"Est. tempo de leitura\" \/>\n\t<meta name=\"twitter:data1\" content=\"9 minutos\" \/>\n<script type=\"application\/ld+json\" class=\"yoast-schema-graph\">{\"@context\":\"https:\/\/schema.org\",\"@graph\":[{\"@type\":\"WebPage\",\"@id\":\"https:\/\/sforplast.net\/ingles\/a-sfor\/\",\"url\":\"https:\/\/sforplast.net\/ingles\/a-sfor\/\",\"name\":\"A Sfor - Sfor\",\"isPartOf\":{\"@id\":\"https:\/\/sforplast.net\/ingles\/#website\"},\"datePublished\":\"2015-12-04T02:08:28+00:00\",\"dateModified\":\"2022-01-06T00:43:06+00:00\",\"description\":\"Temos um atendimento personalizado para cada cliente, respeitando as particularidades de cada canal. Confira!\",\"breadcrumb\":{\"@id\":\"https:\/\/sforplast.net\/ingles\/a-sfor\/#breadcrumb\"},\"inLanguage\":\"pt-BR\",\"potentialAction\":[{\"@type\":\"ReadAction\",\"target\":[\"https:\/\/sforplast.net\/ingles\/a-sfor\/\"]}]},{\"@type\":\"BreadcrumbList\",\"@id\":\"https:\/\/sforplast.net\/ingles\/a-sfor\/#breadcrumb\",\"itemListElement\":[{\"@type\":\"ListItem\",\"position\":1,\"name\":\"Home\",\"item\":\"https:\/\/sforplast.net\/ingles\/\"},{\"@type\":\"ListItem\",\"position\":2,\"name\":\"A Sfor\"}]},{\"@type\":\"WebSite\",\"@id\":\"https:\/\/sforplast.net\/ingles\/#website\",\"url\":\"https:\/\/sforplast.net\/ingles\/\",\"name\":\"Sfor\",\"description\":\"Buchas e Parafusos\",\"publisher\":{\"@id\":\"https:\/\/sforplast.net\/ingles\/#organization\"},\"potentialAction\":[{\"@type\":\"SearchAction\",\"target\":{\"@type\":\"EntryPoint\",\"urlTemplate\":\"https:\/\/sforplast.net\/ingles\/?s={search_term_string}\"},\"query-input\":{\"@type\":\"PropertyValueSpecification\",\"valueRequired\":true,\"valueName\":\"search_term_string\"}}],\"inLanguage\":\"pt-BR\"},{\"@type\":\"Organization\",\"@id\":\"https:\/\/sforplast.net\/ingles\/#organization\",\"name\":\"Sfor\",\"url\":\"https:\/\/sforplast.net\/ingles\/\",\"logo\":{\"@type\":\"ImageObject\",\"inLanguage\":\"pt-BR\",\"@id\":\"https:\/\/sforplast.net\/ingles\/#\/schema\/logo\/image\/\",\"url\":\"https:\/\/sforplast.net\/ingles\/wp-content\/uploads\/2020\/08\/sfor_mobile_logo-1.png\",\"contentUrl\":\"https:\/\/sforplast.net\/ingles\/wp-content\/uploads\/2020\/08\/sfor_mobile_logo-1.png\",\"width\":158,\"height\":66,\"caption\":\"Sfor\"},\"image\":{\"@id\":\"https:\/\/sforplast.net\/ingles\/#\/schema\/logo\/image\/\"}}]}<\/script>\n<!-- \/ Yoast SEO Premium plugin. -->","yoast_head_json":{"title":"A Sfor - Sfor","description":"Temos um atendimento personalizado para cada cliente, respeitando as particularidades de cada canal. Confira!","robots":{"index":"index","follow":"follow","max-snippet":"max-snippet:-1","max-image-preview":"max-image-preview:large","max-video-preview":"max-video-preview:-1"},"canonical":"https:\/\/sforplast.net\/ingles\/a-sfor\/","og_locale":"pt_BR","og_type":"article","og_title":"A Sfor","og_description":"Temos um atendimento personalizado para cada cliente, respeitando as particularidades de cada canal. Confira!","og_url":"https:\/\/sforplast.net\/ingles\/a-sfor\/","og_site_name":"Sfor","article_modified_time":"2022-01-06T00:43:06+00:00","og_image":[{"width":158,"height":66,"url":"https:\/\/sforplast.net\/ingles\/wp-content\/uploads\/2020\/08\/sfor_mobile_logo-1.png","type":"image\/png"}],"twitter_card":"summary_large_image","twitter_misc":{"Est. tempo de leitura":"9 minutos"},"schema":{"@context":"https:\/\/schema.org","@graph":[{"@type":"WebPage","@id":"https:\/\/sforplast.net\/ingles\/a-sfor\/","url":"https:\/\/sforplast.net\/ingles\/a-sfor\/","name":"A Sfor - Sfor","isPartOf":{"@id":"https:\/\/sforplast.net\/ingles\/#website"},"datePublished":"2015-12-04T02:08:28+00:00","dateModified":"2022-01-06T00:43:06+00:00","description":"Temos um atendimento personalizado para cada cliente, respeitando as particularidades de cada canal. Confira!","breadcrumb":{"@id":"https:\/\/sforplast.net\/ingles\/a-sfor\/#breadcrumb"},"inLanguage":"pt-BR","potentialAction":[{"@type":"ReadAction","target":["https:\/\/sforplast.net\/ingles\/a-sfor\/"]}]},{"@type":"BreadcrumbList","@id":"https:\/\/sforplast.net\/ingles\/a-sfor\/#breadcrumb","itemListElement":[{"@type":"ListItem","position":1,"name":"Home","item":"https:\/\/sforplast.net\/ingles\/"},{"@type":"ListItem","position":2,"name":"A Sfor"}]},{"@type":"WebSite","@id":"https:\/\/sforplast.net\/ingles\/#website","url":"https:\/\/sforplast.net\/ingles\/","name":"Sfor","description":"Buchas e Parafusos","publisher":{"@id":"https:\/\/sforplast.net\/ingles\/#organization"},"potentialAction":[{"@type":"SearchAction","target":{"@type":"EntryPoint","urlTemplate":"https:\/\/sforplast.net\/ingles\/?s={search_term_string}"},"query-input":{"@type":"PropertyValueSpecification","valueRequired":true,"valueName":"search_term_string"}}],"inLanguage":"pt-BR"},{"@type":"Organization","@id":"https:\/\/sforplast.net\/ingles\/#organization","name":"Sfor","url":"https:\/\/sforplast.net\/ingles\/","logo":{"@type":"ImageObject","inLanguage":"pt-BR","@id":"https:\/\/sforplast.net\/ingles\/#\/schema\/logo\/image\/","url":"https:\/\/sforplast.net\/ingles\/wp-content\/uploads\/2020\/08\/sfor_mobile_logo-1.png","contentUrl":"https:\/\/sforplast.net\/ingles\/wp-content\/uploads\/2020\/08\/sfor_mobile_logo-1.png","width":158,"height":66,"caption":"Sfor"},"image":{"@id":"https:\/\/sforplast.net\/ingles\/#\/schema\/logo\/image\/"}}]}},"_links":{"self":[{"href":"https:\/\/sforplast.net\/ingles\/wp-json\/wp\/v2\/pages\/7","targetHints":{"allow":["GET"]}}],"collection":[{"href":"https:\/\/sforplast.net\/ingles\/wp-json\/wp\/v2\/pages"}],"about":[{"href":"https:\/\/sforplast.net\/ingles\/wp-json\/wp\/v2\/types\/page"}],"author":[{"embeddable":true,"href":"https:\/\/sforplast.net\/ingles\/wp-json\/wp\/v2\/users\/1"}],"replies":[{"embeddable":true,"href":"https:\/\/sforplast.net\/ingles\/wp-json\/wp\/v2\/comments?post=7"}],"version-history":[{"count":54,"href":"https:\/\/sforplast.net\/ingles\/wp-json\/wp\/v2\/pages\/7\/revisions"}],"predecessor-version":[{"id":2103,"href":"https:\/\/sforplast.net\/ingles\/wp-json\/wp\/v2\/pages\/7\/revisions\/2103"}],"wp:attachment":[{"href":"https:\/\/sforplast.net\/ingles\/wp-json\/wp\/v2\/media?parent=7"}],"curies":[{"name":"wp","href":"https:\/\/api.w.org\/{rel}","templated":true}]}}